{"id":5,"date":"2016-09-30T09:34:23","date_gmt":"2016-09-30T09:34:23","guid":{"rendered":"http:\/\/localhost\/flash-new\/?page_id=4"},"modified":"2020-01-28T18:40:52","modified_gmt":"2020-01-28T17:40:52","slug":"home","status":"publish","type":"page","link":"http:\/\/www.zencha.org\/blog\/main\/","title":{"rendered":"Home"},"content":{"rendered":"<div id=\"pl-5\"  class=\"panel-layout\" ><div id=\"pg-5-0\"  class=\"panel-grid panel-has-style\" ><div class=\"siteorigin-panels-stretch panel-row-style panel-row-style-for-5-0\" data-stretch-type=\"full-stretched\" ><div id=\"pgc-5-0-0\"  class=\"panel-grid-cell\" ><div class=\"panel-cell-style panel-cell-style-for-5-0-0\" ><div id=\"panel-5-0-0-0\" class=\"so-panel widget widget_siteorigin-panels-builder panel-first-child panel-last-child\" data-index=\"0\" ><div class=\"panel-widget-style panel-widget-style-for-5-0-0-0\" ><div id=\"pl-w5dabdcd828fda\"  class=\"panel-layout\" ><div id=\"pg-w5dabdcd828fda-0\"  class=\"panel-grid panel-no-style\" ><div id=\"pgc-w5dabdcd828fda-0-0\"  class=\"panel-grid-cell\" ><div id=\"panel-w5dabdcd828fda-0-0-0\" class=\"so-panel widget widget_themegrill_flash_image tg-widget tg-image-widget panel-first-child panel-last-child\" data-index=\"0\" >\t<img src=\"http:\/\/www.zencha.org\/blog\/main\/wp-content\/uploads\/sites\/2\/2019\/09\/songhuizong6-2.png\" \/>\n<\/div><\/div><\/div><div id=\"pg-w5dabdcd828fda-1\"  class=\"panel-grid panel-has-style\" ><div class=\"panel-row-style panel-row-style-for-w5dabdcd828fda-1\" ><div id=\"pgc-w5dabdcd828fda-1-0\"  class=\"panel-grid-cell\" ><div id=\"panel-w5dabdcd828fda-1-0-0\" class=\"so-panel widget widget_themegrill_flash_service tg-widget tg-single-service panel-first-child panel-last-child\" data-index=\"1\" >\n<div class=\"tg-service-widget tg-service-layout-2\">\n\t<div class=\"service-wrapper\">\n\t\t<div class=\"service-icon-title-wrapper clearfix\">\n\t\t\t\t\t\t\t\t\t<figure class=\"service-image-wrap\"><img src=\"http:\/\/www.zencha.org\/blog\/main\/wp-content\/uploads\/sites\/2\/2019\/09\/1960868-200.png\" \/><\/figure>\n\t\t\t\t\t\t\t\t\t<h3 class=\"service-title-wrap\">\n\t\t\t\t\t\t\t\t<a href=\"#\">\n\t\t\t\tS\u00c9R\u00c9NITE ET HARMONIE\t\t\t\t\t\t\t\t<\/a>\n\t\t\t\t\t\t\t<\/h3>\n\t\t\t\t\t<\/div>\n\t\t\t\t<div class=\"service-content-wrap\">Zencha vise \u00e0 apporter s\u00e9r\u00e9nit\u00e9 et harmonie \u00e0 travers l'art chinois du th\u00e9<br><br>\n\nJe propose pour cela des ateliers de d\u00e9gustation et des c\u00e9r\u00e9monies \u00e0 la carte,  \u00e0 domicile ou en for\u00eat. Veuillez me contacter via le formulaire en bas de cette page afin que je puisse adapter mon offre \u00e0 vos envies.<br><br>\n\nUne d\u00e9gustation en silence suivie d'un atelier est \u00e9galement organis\u00e9e une fois par mois au Kannon Dojo Zen de Bruxelles (places limit\u00e9es, <a href=\"http:\/\/www.zencha.org\/blog\/main\/events\/\">sur r\u00e9servation<\/a>).  <\/div>\n\t\t\t\t\t\t<a class=\"service-more\" href=\"#\"><\/a>\n\t\t\t<\/div>\n<\/div>\n<\/div><\/div><div id=\"pgc-w5dabdcd828fda-1-1\"  class=\"panel-grid-cell\" ><div id=\"panel-w5dabdcd828fda-1-1-0\" class=\"so-panel widget widget_themegrill_flash_service tg-widget tg-single-service panel-first-child panel-last-child\" data-index=\"2\" >\n<div class=\"tg-service-widget tg-service-layout-2\">\n\t<div class=\"service-wrapper\">\n\t\t<div class=\"service-icon-title-wrapper clearfix\">\n\t\t\t\t\t\t\t\t\t<figure class=\"service-image-wrap\"><img src=\"http:\/\/www.zencha.org\/blog\/main\/wp-content\/uploads\/sites\/2\/2019\/09\/10676-200.png\" \/><\/figure>\n\t\t\t\t\t\t\t\t\t<h3 class=\"service-title-wrap\">\n\t\t\t\t\t\t\t\t<a href=\"#\">\n\t\t\t\tPREPARATION\t\t\t\t\t\t\t\t<\/a>\n\t\t\t\t\t\t\t<\/h3>\n\t\t\t\t\t<\/div>\n\t\t\t\t<div class=\"service-content-wrap\">Plusieurs m\u00e9thodes peuvent \u00eatre utilis\u00e9es pour pr\u00e9parer les th\u00e9s, notamment le rituel du \"Gong fu cha\" pratiqu\u00e9 dans le sud de la Chine et \u00e0 Ta\u00efwan depuis la Dynastie Qing. Des initiations ou des s\u00e9ances de perfectionnement au gong fu cha sont disponibles sur demande. <\/div>\n\t\t\t\t\t\t<a class=\"service-more\" href=\"#\"><\/a>\n\t\t\t<\/div>\n<\/div>\n<\/div><\/div><div id=\"pgc-w5dabdcd828fda-1-2\"  class=\"panel-grid-cell\" ><div id=\"panel-w5dabdcd828fda-1-2-0\" class=\"so-panel widget widget_themegrill_flash_service tg-widget tg-single-service panel-first-child panel-last-child\" data-index=\"3\" >\n<div class=\"tg-service-widget tg-service-layout-2\">\n\t<div class=\"service-wrapper\">\n\t\t<div class=\"service-icon-title-wrapper clearfix\">\n\t\t\t\t\t\t\t\t\t<figure class=\"service-image-wrap\"><img src=\"http:\/\/www.zencha.org\/blog\/main\/wp-content\/uploads\/sites\/2\/2019\/09\/communityIcon_veo1eklefd511-1.png\" \/><\/figure>\n\t\t\t\t\t\t\t\t\t<h3 class=\"service-title-wrap\">\n\t\t\t\t\t\t\t\t<a href=\"#\">\n\t\t\t\tTH\u00c9S\t\t\t\t\t\t\t\t<\/a>\n\t\t\t\t\t\t\t<\/h3>\n\t\t\t\t\t<\/div>\n\t\t\t\t<div class=\"service-content-wrap\">J'accorde une grande importance \u00e0 la qualit\u00e9 des th\u00e9s propos\u00e9s. Tous sont issus de th\u00e9iers \"bio\" ou cultiv\u00e9s selon des pratiques respectueuses de la nature et des hommes.<br><br>\nParfois les th\u00e9s proviennent d'exploitations n'usant aucun produit phytosanitaire, voire de v\u00e9ritables for\u00eats o\u00f9 les th\u00e9iers centenaires s'\u00e9panouissent naturellement dans des \u00e9cosyst\u00e8mes riches en biodiversit\u00e9.<\/div>\n\t\t\t\t\t\t<a class=\"service-more\" href=\"#\"><\/a>\n\t\t\t<\/div>\n<\/div>\n<\/div><\/div><\/div><\/div><\/div><\/div><\/div><\/div><\/div><\/div><\/div><div id=\"pg-5-1\"  class=\"panel-grid panel-has-style\" ><div class=\"siteorigin-panels-stretch panel-row-style panel-row-style-for-5-1\" id=\"quisuisje\" data-stretch-type=\"full\" ><div id=\"pgc-5-1-0\"  class=\"panel-grid-cell\" ><div id=\"panel-5-1-0-0\" class=\"so-panel widget widget_siteorigin-panels-builder panel-first-child panel-last-child\" data-index=\"1\" ><div class=\"panel-widget-style panel-widget-style-for-5-1-0-0\" ><div id=\"pl-w5e136854e8dbd\"  class=\"panel-layout\" ><div id=\"pg-w5e136854e8dbd-0\"  class=\"panel-grid panel-no-style\" ><div id=\"pgc-w5e136854e8dbd-0-0\"  class=\"panel-grid-cell\" ><div id=\"panel-w5e136854e8dbd-0-0-0\" class=\"so-panel widget widget_themegrill_flash_heading tg-widget section-title-wrapper panel-first-child panel-last-child\" data-index=\"0\" ><div class=\"panel-widget-style panel-widget-style-for-w5e136854e8dbd-0-0-0\" >\t<h3 class=\"section-title\">Qui suis-je?<\/h3>\n<\/div><\/div><\/div><\/div><div id=\"pg-w5e136854e8dbd-1\"  class=\"panel-grid panel-no-style\" ><div id=\"pgc-w5e136854e8dbd-1-0\"  class=\"panel-grid-cell\" ><div id=\"panel-w5e136854e8dbd-1-0-0\" class=\"so-panel widget widget_themegrill_flash_image tg-widget tg-image-widget panel-first-child panel-last-child\" data-index=\"1\" >\t<img src=\"http:\/\/www.zencha.org\/blog\/main\/wp-content\/uploads\/sites\/2\/2019\/09\/profil_sketch_petit.png\" \/>\n<\/div><\/div><div id=\"pgc-w5e136854e8dbd-1-1\"  class=\"panel-grid-cell\" ><div id=\"panel-w5e136854e8dbd-1-1-0\" class=\"so-panel widget widget_text panel-first-child panel-last-child\" data-index=\"2\" >\t\t\t<div class=\"textwidget\"><p>Si ma passion des cultures asiatiques m&rsquo;a amen\u00e9 \u00e0 \u00e9tudier la langue japonaise ou la calligraphie, c&rsquo;est dans le th\u00e9 que je me suis \u00e9panoui. Appr\u00e9ciant tout particuli\u00e8rement les th\u00e9s de Chine, j&rsquo;ai approfondi ma connaissance des terroirs de ce pays comme de ceux de Ta\u00efwan \u00e0 travers la pratique r\u00e9guli\u00e8re du \u00ab\u00a0gong fu cha\u00a0\u00bb (\u5de5\u592b\u8336). Ma Voie du Th\u00e9 est largement influenc\u00e9e par l&rsquo;art ta\u00efwanais du th\u00e9 et se nourrit depuis plusieurs ann\u00e9es d&rsquo;enseignements qui m&rsquo;ont conduit \u00e0 une pratique plus introspective que je souhaite aujourd&rsquo;hui partager.<\/p>\n<p>Je pratique par ailleurs le bouddhisme zen dans l&rsquo;\u00e9cole Soto (<span lang=\"zh-Latn-pinyin\">C\u00e1od\u00f2ng<\/span><span lang=\"zh-Latn-pinyin\">)<\/span>. J&rsquo;ai re\u00e7u les pr\u00e9ceptes de Ma\u00eetre Roland Yuno Rech, un des principaux disciples de Ma\u00eetre Taisen Deshimaru qui le premier enseigna le zen japonais en Europe.<\/p>\n<p>Le bouddhisme zen et le th\u00e9 ont une longue histoire commune et ces deux pratiques s&rsquo;enrichissent mutuellement. Aussi dit-on commun\u00e9ment que le th\u00e9 et le zen ont la m\u00eame saveur (\u7985\u8336\u4e00\u5473).<\/p>\n<\/div>\n\t\t<\/div><\/div><\/div><\/div><\/div><\/div><\/div><\/div><\/div><div id=\"pg-5-2\"  class=\"panel-grid panel-has-style\" ><div class=\"siteorigin-panels-stretch panel-row-style panel-row-style-for-5-2\" id=\"contact\" data-stretch-type=\"full\" ><div id=\"pgc-5-2-0\"  class=\"panel-grid-cell\" ><div id=\"panel-5-2-0-0\" class=\"so-panel widget widget_themegrill_flash_heading tg-widget section-title-wrapper panel-first-child panel-last-child\" data-index=\"2\" >\t<h3 class=\"section-title\">Nous Contacter<\/h3>\n<\/div><\/div><\/div><\/div><div id=\"pg-5-3\"  class=\"panel-grid panel-has-style\" ><div class=\"siteorigin-panels-stretch panel-row-style panel-row-style-for-5-3\" id=\"contact\" data-stretch-type=\"full\" ><div id=\"pgc-5-3-0\"  class=\"panel-grid-cell\" ><div id=\"panel-5-3-0-0\" class=\"so-panel widget widget_text panel-first-child\" data-index=\"3\" >\t\t\t<div class=\"textwidget\"><p><strong>Laissez nous un message.<\/strong><\/p>\n<div class=\"everest-forms\"><div class=\"evf-container default\" id=\"evf-239\"><form id=\"evf-form-239\" class=\"everest-form\" data-formid=\"239\" method=\"post\" enctype=\"multipart\/form-data\" action=\"\/blog\/main\/wp-json\/wp\/v2\/pages\/5\"><div class=\"evf-field-container\"><input type=\"hidden\" id=\"_wpnonce\" name=\"_wpnonce\" value=\"8960ab8421\" \/><input type=\"hidden\" name=\"_wp_http_referer\" value=\"\/blog\/main\/wp-json\/wp\/v2\/pages\/5\" \/><div class=\"evf-frontend-row\" data-row=\"row_1\"><div class=\"evf-frontend-grid evf-grid-1\" data-grid=\"grid_1\"><div id=\"evf-239-field_name-container\" class=\"evf-field evf-field-text form-row validate-required\" data-field-id=\"name\"><label class=\"evf-field-label\" for=\"evf-239-field_name\"><span class=\"evf-label\">Name<\/span> <abbr class=\"required\" title=\"Required\">*<\/abbr><\/label><input type=\"text\" id=\"evf-239-field_name\" class=\"input-text\" name=\"everest_forms[form_fields][name]\" required><\/div><div id=\"evf-239-field_email-container\" class=\"evf-field evf-field-email form-row validate-required validate-email\" data-field-id=\"email\"><label class=\"evf-field-label\" for=\"evf-239-field_email\"><span class=\"evf-label\">Email<\/span> <abbr class=\"required\" title=\"Required\">*<\/abbr><\/label><input type=\"email\" id=\"evf-239-field_email\" class=\"input-text\" name=\"everest_forms[form_fields][email]\" required><\/div><div id=\"evf-239-field_subject-container\" class=\"evf-field evf-field-text form-row validate-required\" data-field-id=\"subject\"><label class=\"evf-field-label\" for=\"evf-239-field_subject\"><span class=\"evf-label\">Subject<\/span> <abbr class=\"required\" title=\"Required\">*<\/abbr><\/label><input type=\"text\" id=\"evf-239-field_subject\" class=\"input-text\" name=\"everest_forms[form_fields][subject]\" required><\/div><div id=\"evf-239-field_message-container\" class=\"evf-field evf-field-textarea form-row\" data-field-id=\"message\"><label class=\"evf-field-label\" for=\"evf-239-field_message\"><span class=\"evf-label\">Message<\/span> <\/label><textarea id=\"evf-239-field_message\" class=\"input-text\" name=\"everest_forms[form_fields][message]\" ><\/textarea><\/div><\/div><\/div><\/div><div class=\"evf-honeypot-container evf-field-hp\"><label for=\"evf-239-field-hp\" class=\"evf-field-label\">Name<\/label><input type=\"text\" name=\"everest_forms[hp]\" id=\"evf-239-field-hp\" class=\"input-text\"><\/div><div class=\"evf-submit-container \" ><input type=\"hidden\" name=\"everest_forms[id]\" value=\"239\"><input type=\"hidden\" name=\"everest_forms[author]\" value=\"1\"><button type='submit' name='everest_forms[submit]' class='everest-forms-submit-button button evf-submit ' id='evf-submit-239' value='evf-submit' data-process-text=\"Processing\u2026\" conditional_rules='\"\"' conditional_id='evf-submit-239'>Submit<\/button><\/div><\/form><\/div><!-- .evf-container --><\/div>\n<\/div>\n\t\t<\/div><div id=\"panel-5-3-0-1\" class=\"so-panel widget widget_wysija panel-last-child\" data-index=\"4\" ><h3 class=\"widget-title\">Abonnez-vous \u00e0 notre newsletter<\/h3><div class=\"widget_wysija_cont\"><div id=\"msg-form-widget-3-0-1\" class=\"wysija-msg ajax\"><\/div><form id=\"form-widget-3-0-1\" method=\"post\" action=\"#wysija\" class=\"widget_wysija\">\n<p class=\"wysija-paragraph\">\n    <label>E-mail <span class=\"wysija-required\">*<\/span><\/label>\n    \n    \t<input type=\"text\" name=\"wysija[user][email]\" class=\"wysija-input validate[required,custom[email]]\" title=\"E-mail\"  value=\"\" \/>\n    \n    \n    \n    <span class=\"abs-req\">\n        <input type=\"text\" name=\"wysija[user][abs][email]\" class=\"wysija-input validated[abs][email]\" value=\"\" \/>\n    <\/span>\n    \n<\/p>\n\r\n<input class=\"wysija-submit wysija-submit-field\" type=\"submit\" value=\"Je m\u2019abonne !\" \/>\n\n    <input type=\"hidden\" name=\"form_id\" value=\"1\" \/>\n    <input type=\"hidden\" name=\"action\" value=\"save\" \/>\n    <input type=\"hidden\" name=\"controller\" value=\"subscribers\" \/>\n    <input type=\"hidden\" value=\"1\" name=\"wysija-page\" \/>\n\n    \n        <input type=\"hidden\" name=\"wysija[user_list][list_ids]\" value=\"1\" \/>\n    \n <\/form><\/div><\/div><\/div><\/div><\/div><\/div>","protected":false},"excerpt":{"rendered":"<p>S\u00c9R\u00c9NITE ET HARMONIE Zencha vise \u00e0 apporter s\u00e9r\u00e9nit\u00e9 et harmonie \u00e0 travers l&rsquo;art chinois du th\u00e9 Je propose pour cela [&hellip;]<\/p>\n","protected":false},"author":1,"featured_media":0,"parent":0,"menu_order":0,"comment_status":"closed","ping_status":"closed","template":"page-templates\/pagebuilder.php","meta":[],"_links":{"self":[{"href":"http:\/\/www.zencha.org\/blog\/main\/wp-json\/wp\/v2\/pages\/5"}],"collection":[{"href":"http:\/\/www.zencha.org\/blog\/main\/wp-json\/wp\/v2\/pages"}],"about":[{"href":"http:\/\/www.zencha.org\/blog\/main\/wp-json\/wp\/v2\/types\/page"}],"author":[{"embeddable":true,"href":"http:\/\/www.zencha.org\/blog\/main\/wp-json\/wp\/v2\/users\/1"}],"replies":[{"embeddable":true,"href":"http:\/\/www.zencha.org\/blog\/main\/wp-json\/wp\/v2\/comments?post=5"}],"version-history":[{"count":162,"href":"http:\/\/www.zencha.org\/blog\/main\/wp-json\/wp\/v2\/pages\/5\/revisions"}],"predecessor-version":[{"id":615,"href":"http:\/\/www.zencha.org\/blog\/main\/wp-json\/wp\/v2\/pages\/5\/revisions\/615"}],"wp:attachment":[{"href":"http:\/\/www.zencha.org\/blog\/main\/wp-json\/wp\/v2\/media?parent=5"}],"curies":[{"name":"wp","href":"https:\/\/api.w.org\/{rel}","templated":true}]}}